{"id":11966,"date":"2018-09-02T17:45:12","date_gmt":"2018-09-02T17:45:12","guid":{"rendered":"https:\/\/cpanoain.com\/?page_id=11966"},"modified":"2021-02-09T02:59:03","modified_gmt":"2021-02-09T01:59:03","slug":"show","status":"publish","type":"page","link":"https:\/\/cpanoain.com\/index.php\/show\/","title":{"rendered":"Show"},"content":{"rendered":"<p><div class=\"fusion-fullwidth fullwidth-box fusion-builder-row-1 nonhundred-percent-fullwidth non-hundred-percent-height-scrolling\" style=\"--awb-border-radius-top-left:0px;--awb-border-radius-top-right:0px;--awb-border-radius-bottom-right:0px;--awb-border-radius-bottom-left:0px;--awb-flex-wrap:wrap;\" ><div class=\"fusion-builder-row fusion-row\"><div class=\"fusion-layout-column fusion_builder_column fusion-builder-column-0 fusion_builder_column_3_5 3_5 fusion-three-fifth fusion-column-first fusion-animated\" style=\"--awb-bg-size:cover;width:58.4%; margin-right: 4%;\" data-animationType=\"slideInUp\" data-animationDuration=\"0.4\" data-animationOffset=\"top-into-view\"><div class=\"fusion-column-wrapper fusion-flex-column-wrapper-legacy\"><div class=\"fusion-text fusion-text-1\"><h1 style=\"text-align: center; font-size: 30px !important;\"><strong><span style=\"color: #3e4e82;\"><span style=\"font-size: 30px !important;\">Ser un equipo es la clave para\u00a0<\/span><span style=\"caret-color: #3e4e82; font-size: 30px;\">patinar todos juntos como uno solo<\/span><span style=\"font-size: 30px !important;\">. <\/span><\/span><\/strong><span style=\"font-size: 30px !important;\">Promover la capacidad del trabajo en grupo, el compromiso y el compartir triunfos y derrotas.\u00a0<\/span><\/h1>\n<\/div><div class=\"fusion-sep-clear\"><\/div><div class=\"fusion-separator fusion-full-width-sep\" style=\"margin-left: auto;margin-right: auto;margin-top:-30px;width:100%;\"><\/div><div class=\"fusion-sep-clear\"><\/div><div class=\"fusion-clearfix\"><\/div><\/div><\/div><div class=\"fusion-layout-column fusion_builder_column fusion-builder-column-1 fusion_builder_column_2_5 2_5 fusion-two-fifth fusion-column-last fusion-animated\" style=\"--awb-bg-size:cover;width:37.6%;\" data-animationType=\"slideInUp\" data-animationDuration=\"0.8\" data-animationOffset=\"top-into-view\"><div class=\"fusion-column-wrapper fusion-flex-column-wrapper-legacy\"><div class=\"fusion-fa-align-center\"><i class=\"fb-icon-element-1 fb-icon-element fontawesome-icon fa-users fas circle-no\" style=\"--awb-iconcolor:#3e4e82;--awb-iconcolor-hover:#3e4e82;--awb-font-size:30px;\"><\/i><\/div><div class=\"fusion-sep-clear\"><\/div><div class=\"fusion-separator fusion-full-width-sep\" style=\"margin-left: auto;margin-right: auto;margin-top:0px;margin-bottom:10px;width:100%;\"><\/div><div class=\"fusion-sep-clear\"><\/div><div class=\"fusion-text fusion-text-2\"><p style=\"text-align: center;\"><span style=\"font-weight: 400;\">Otra de las l\u00edneas esenciales del club. A trav\u00e9s del show queremos desarrollar las habilidades del patinaje en los ni\u00f1os del club, perfeccionando su t\u00e9cnica de patinaje y pasos, crear y mejorar d\u00eda a d\u00eda en el patinador la habilidad de introducirse en el programa y hacer llegar la performance transmitiendo el contenido del mismo.\u00a0<\/span><\/p>\n<\/div><div class=\"fusion-clearfix\"><\/div><\/div><\/div><div class=\"fusion-layout-column fusion_builder_column fusion-builder-column-2 fusion_builder_column_1_1 1_1 fusion-one-full fusion-column-first fusion-column-last fusion-animated\" style=\"--awb-bg-size:cover;\" data-animationType=\"slideInUp\" data-animationDuration=\"0.4\" data-animationOffset=\"top-into-view\"><div class=\"fusion-column-wrapper fusion-flex-column-wrapper-legacy\"><div class=\"fusion-text fusion-text-3\"><p style=\"text-align: center; margin-top: -15px; font-size: 17px;\"><span style=\"color: #3e4e82;\"><strong>C.P.A. No\u00e1in<\/strong><\/span> cuenta con cuatro grupos de show, cada uno con sus caracter\u00edsticas y objetivos diferenciados.<\/p>\n<\/div><div class=\"fusion-sep-clear\"><\/div><div class=\"fusion-separator fusion-full-width-sep\" style=\"margin-left: auto;margin-right: auto;margin-top:-30px;width:100%;\"><\/div><div class=\"fusion-sep-clear\"><\/div><div class=\"fusion-clearfix\"><\/div><\/div><\/div><div class=\"fusion-layout-column fusion_builder_column fusion-builder-column-3 fusion_builder_column_1_1 1_1 fusion-one-full fusion-column-first fusion-column-last fusion-column-no-min-height\" style=\"--awb-bg-size:cover;--awb-margin-bottom:0px;\"><div class=\"fusion-column-wrapper fusion-flex-column-wrapper-legacy\"><div class=\"fusion-recent-works fusion-portfolio-element fusion-portfolio fusion-portfolio-1 fusion-portfolio-grid fusion-portfolio-paging-infinite fusion-portfolio-three fusion-portfolio-no_text fusion-portfolio-rollover fusion-animated\" data-id=\"-rw-1\" data-columns=\"three\" data-animationType=\"slideInUp\" data-animationDuration=\"0.4\" data-animationOffset=\"top-into-view\"><style type=\"text\/css\">.fusion-portfolio-1 .fusion-portfolio-wrapper .fusion-col-spacing{padding:6px;}<\/style><div class=\"fusion-portfolio-wrapper\" id=\"fusion-portfolio-1\" data-picturesize=\"auto\" data-pages=\"1\" style=\"margin:-6px;\"><article id=\"portfolio-1-post-12917\" class=\"fusion-portfolio-post cuarteto show fusion-col-spacing post-12917\"><div class=\"fusion-portfolio-content-wrapper\" style=\"border:none;\"><span class=\"entry-title rich-snippet-hidden\">SHOW PROMOCIONAL<\/span><span class=\"vcard rich-snippet-hidden\"><span class=\"fn\"><a href=\"https:\/\/cpanoain.com\/index.php\/author\/cpamarta\/\" title=\"Entradas de cpamarta\" rel=\"author\">cpamarta<\/a><\/span><\/span><span class=\"updated rich-snippet-hidden\">2022-09-29T12:55:16+02:00<\/span><div  class=\"fusion-image-wrapper\" aria-haspopup=\"true\">\n\t\t\t\t<img decoding=\"async\" width=\"1638\" height=\"1633\" src=\"https:\/\/cpanoain.com\/wp-content\/uploads\/2022\/09\/IMG-20220925-WA0004-e1664448294805.jpg\" class=\"attachment-full size-full wp-post-image\" alt=\"\" srcset=\"https:\/\/cpanoain.com\/wp-content\/uploads\/2022\/09\/IMG-20220925-WA0004-e1664448294805-200x199.jpg 200w, https:\/\/cpanoain.com\/wp-content\/uploads\/2022\/09\/IMG-20220925-WA0004-e1664448294805-400x399.jpg 400w, https:\/\/cpanoain.com\/wp-content\/uploads\/2022\/09\/IMG-20220925-WA0004-e1664448294805-600x598.jpg 600w, https:\/\/cpanoain.com\/wp-content\/uploads\/2022\/09\/IMG-20220925-WA0004-e1664448294805-800x798.jpg 800w, https:\/\/cpanoain.com\/wp-content\/uploads\/2022\/09\/IMG-20220925-WA0004-e1664448294805-1200x1196.jpg 1200w, https:\/\/cpanoain.com\/wp-content\/uploads\/2022\/09\/IMG-20220925-WA0004-e1664448294805.jpg 1638w\" sizes=\"(min-width: 2200px) 100vw, (min-width: 824px) 359px, (min-width: 732px) 538px, (min-width: 640px) 732px, \" \/><div class=\"fusion-rollover\">\n\t<div class=\"fusion-rollover-content\">\n\n\t\t\t\t\n\t\t\n\t\t\t\t\t\t\t\t\t\t\t\t<h4 class=\"fusion-rollover-title\">\n\t\t\t\t\t<a class=\"fusion-rollover-title-link\" href=\"https:\/\/cpanoain.com\/index.php\/portfolio-items\/mini\/?portfolioCats=46\">\n\t\t\t\t\t\tSHOW PROMOCIONAL\t\t\t\t\t<\/a>\n\t\t\t\t<\/h4>\n\t\t\t\n\t\t\t\t\t\t\t\t\n\t\t\n\t\t\t\t\t\t<a class=\"fusion-link-wrapper\" href=\"https:\/\/cpanoain.com\/index.php\/portfolio-items\/mini\/?portfolioCats=46\" aria-label=\"SHOW PROMOCIONAL\"><\/a>\n\t<\/div>\n<\/div>\n<\/div>\n<\/div><\/article><article id=\"portfolio-1-post-12113\" class=\"fusion-portfolio-post cuarteto show fusion-col-spacing post-12113\"><div class=\"fusion-portfolio-content-wrapper\" style=\"border:none;\"><span class=\"entry-title rich-snippet-hidden\">SHOW JUNIOR<\/span><span class=\"vcard rich-snippet-hidden\"><span class=\"fn\"><a href=\"https:\/\/cpanoain.com\/index.php\/author\/ncencomunicacion\/\" title=\"Entradas de ncencomunicacion\" rel=\"author\">ncencomunicacion<\/a><\/span><\/span><span class=\"updated rich-snippet-hidden\">2022-09-29T12:57:11+02:00<\/span><div  class=\"fusion-image-wrapper\" aria-haspopup=\"true\">\n\t\t\t\t<img decoding=\"async\" width=\"1838\" height=\"1290\" src=\"https:\/\/cpanoain.com\/wp-content\/uploads\/2022\/09\/IMG-20220925-WA0003-1-e1664448269780.jpg\" class=\"attachment-full size-full wp-post-image\" alt=\"\" srcset=\"https:\/\/cpanoain.com\/wp-content\/uploads\/2022\/09\/IMG-20220925-WA0003-1-e1664448269780-200x140.jpg 200w, https:\/\/cpanoain.com\/wp-content\/uploads\/2022\/09\/IMG-20220925-WA0003-1-e1664448269780-400x281.jpg 400w, https:\/\/cpanoain.com\/wp-content\/uploads\/2022\/09\/IMG-20220925-WA0003-1-e1664448269780-600x421.jpg 600w, https:\/\/cpanoain.com\/wp-content\/uploads\/2022\/09\/IMG-20220925-WA0003-1-e1664448269780-800x561.jpg 800w, https:\/\/cpanoain.com\/wp-content\/uploads\/2022\/09\/IMG-20220925-WA0003-1-e1664448269780-1200x842.jpg 1200w, https:\/\/cpanoain.com\/wp-content\/uploads\/2022\/09\/IMG-20220925-WA0003-1-e1664448269780.jpg 1838w\" sizes=\"(min-width: 2200px) 100vw, (min-width: 824px) 359px, (min-width: 732px) 538px, (min-width: 640px) 732px, \" \/><div class=\"fusion-rollover\">\n\t<div class=\"fusion-rollover-content\">\n\n\t\t\t\t\n\t\t\n\t\t\t\t\t\t\t\t\t\t\t\t<h4 class=\"fusion-rollover-title\">\n\t\t\t\t\t<a class=\"fusion-rollover-title-link\" href=\"https:\/\/cpanoain.com\/index.php\/portfolio-items\/cuarteto\/?portfolioCats=46\">\n\t\t\t\t\t\tSHOW JUNIOR\t\t\t\t\t<\/a>\n\t\t\t\t<\/h4>\n\t\t\t\n\t\t\t\t\t\t\t\t\n\t\t\n\t\t\t\t\t\t<a class=\"fusion-link-wrapper\" href=\"https:\/\/cpanoain.com\/index.php\/portfolio-items\/cuarteto\/?portfolioCats=46\" aria-label=\"SHOW JUNIOR\"><\/a>\n\t<\/div>\n<\/div>\n<\/div>\n<\/div><\/article><article id=\"portfolio-1-post-12109\" class=\"fusion-portfolio-post juvenil show fusion-col-spacing post-12109\"><div class=\"fusion-portfolio-content-wrapper\" style=\"border:none;\"><span class=\"entry-title rich-snippet-hidden\">SHOW JUNIOR<\/span><span class=\"vcard rich-snippet-hidden\"><span class=\"fn\"><a href=\"https:\/\/cpanoain.com\/index.php\/author\/ncencomunicacion\/\" title=\"Entradas de ncencomunicacion\" rel=\"author\">ncencomunicacion<\/a><\/span><\/span><span class=\"updated rich-snippet-hidden\">2022-09-29T13:00:31+02:00<\/span><div  class=\"fusion-image-wrapper\" aria-haspopup=\"true\">\n\t\t\t\t<img decoding=\"async\" width=\"258\" height=\"256\" src=\"https:\/\/cpanoain.com\/wp-content\/uploads\/2018\/09\/patin.png\" class=\"attachment-full size-full wp-post-image\" alt=\"\" srcset=\"https:\/\/cpanoain.com\/wp-content\/uploads\/2018\/09\/patin-200x198.png 200w, https:\/\/cpanoain.com\/wp-content\/uploads\/2018\/09\/patin.png 258w\" sizes=\"(min-width: 2200px) 100vw, (min-width: 824px) 359px, (min-width: 732px) 538px, (min-width: 640px) 732px, \" \/><div class=\"fusion-rollover\">\n\t<div class=\"fusion-rollover-content\">\n\n\t\t\t\t\n\t\t\n\t\t\t\t\t\t\t\t\t\t\t\t<h4 class=\"fusion-rollover-title\">\n\t\t\t\t\t<a class=\"fusion-rollover-title-link\" href=\"https:\/\/cpanoain.com\/index.php\/portfolio-items\/juvenil\/?portfolioCats=46\">\n\t\t\t\t\t\tSHOW JUNIOR\t\t\t\t\t<\/a>\n\t\t\t\t<\/h4>\n\t\t\t\n\t\t\t\t\t\t\t\t\n\t\t\n\t\t\t\t\t\t<a class=\"fusion-link-wrapper\" href=\"https:\/\/cpanoain.com\/index.php\/portfolio-items\/juvenil\/?portfolioCats=46\" aria-label=\"SHOW JUNIOR\"><\/a>\n\t<\/div>\n<\/div>\n<\/div>\n<\/div><\/article><article id=\"portfolio-1-post-12101\" class=\"fusion-portfolio-post promocional show fusion-col-spacing post-12101\"><div class=\"fusion-portfolio-content-wrapper\" style=\"border:none;\"><span class=\"entry-title rich-snippet-hidden\">SHOW PEQUE\u00d1O<\/span><span class=\"vcard rich-snippet-hidden\"><span class=\"fn\"><a href=\"https:\/\/cpanoain.com\/index.php\/author\/ncencomunicacion\/\" title=\"Entradas de ncencomunicacion\" rel=\"author\">ncencomunicacion<\/a><\/span><\/span><span class=\"updated rich-snippet-hidden\">2022-09-23T01:53:44+02:00<\/span><div  class=\"fusion-image-wrapper\" aria-haspopup=\"true\">\n\t\t\t\t<img decoding=\"async\" width=\"988\" height=\"962\" src=\"https:\/\/cpanoain.com\/wp-content\/uploads\/2021\/12\/S.Pequeno-e1639571278952.jpg\" class=\"attachment-full size-full wp-post-image\" alt=\"\" srcset=\"https:\/\/cpanoain.com\/wp-content\/uploads\/2021\/12\/S.Pequeno-e1639571278952-200x195.jpg 200w, https:\/\/cpanoain.com\/wp-content\/uploads\/2021\/12\/S.Pequeno-e1639571278952-400x389.jpg 400w, https:\/\/cpanoain.com\/wp-content\/uploads\/2021\/12\/S.Pequeno-e1639571278952-600x584.jpg 600w, https:\/\/cpanoain.com\/wp-content\/uploads\/2021\/12\/S.Pequeno-e1639571278952-800x779.jpg 800w, https:\/\/cpanoain.com\/wp-content\/uploads\/2021\/12\/S.Pequeno-e1639571278952.jpg 988w\" sizes=\"(min-width: 2200px) 100vw, (min-width: 824px) 359px, (min-width: 732px) 538px, (min-width: 640px) 732px, \" \/><div class=\"fusion-rollover\">\n\t<div class=\"fusion-rollover-content\">\n\n\t\t\t\t\n\t\t\n\t\t\t\t\t\t\t\t\t\t\t\t<h4 class=\"fusion-rollover-title\">\n\t\t\t\t\t<a class=\"fusion-rollover-title-link\" href=\"https:\/\/cpanoain.com\/index.php\/portfolio-items\/promocional-2\/?portfolioCats=46\">\n\t\t\t\t\t\tSHOW PEQUE\u00d1O\t\t\t\t\t<\/a>\n\t\t\t\t<\/h4>\n\t\t\t\n\t\t\t\t\t\t\t\t\n\t\t\n\t\t\t\t\t\t<a class=\"fusion-link-wrapper\" href=\"https:\/\/cpanoain.com\/index.php\/portfolio-items\/promocional-2\/?portfolioCats=46\" aria-label=\"SHOW PEQUE\u00d1O\"><\/a>\n\t<\/div>\n<\/div>\n<\/div>\n<\/div><\/article><\/div><\/div><div class=\"fusion-clearfix\"><\/div><\/div><\/div><div class=\"fusion-layout-column fusion_builder_column fusion-builder-column-4 fusion_builder_column_1_1 1_1 fusion-one-full fusion-column-first fusion-column-last fusion-column-no-min-height\" style=\"--awb-bg-size:cover;--awb-margin-bottom:0px;\"><div class=\"fusion-column-wrapper fusion-flex-column-wrapper-legacy\"><div class=\"fusion-sep-clear\"><\/div><div class=\"fusion-separator fusion-full-width-sep\" style=\"margin-left: auto;margin-right: auto;margin-bottom:60px;width:100%;\"><div class=\"fusion-separator-border sep-single sep-solid\" style=\"--awb-height:20px;--awb-amount:20px;border-color:#e0dede;border-top-width:1px;\"><\/div><\/div><div class=\"fusion-sep-clear\"><\/div><div class=\"fusion-clearfix\"><\/div><\/div><\/div><\/div><\/div><div class=\"fusion-bg-parallax\" data-bg-align=\"center top\" data-direction=\"up\" data-mute=\"false\" data-opacity=\"100\" data-velocity=\"-0.3\" data-mobile-enabled=\"false\" data-break_parents=\"0\" data-bg-image=\"https:\/\/cpanoain.com\/wp-content\/uploads\/2018\/08\/cpabanner.jpg\" data-bg-repeat=\"false\" ><\/div><div class=\"fusion-fullwidth fullwidth-box fusion-builder-row-2 fusion-parallax-up nonhundred-percent-fullwidth non-hundred-percent-height-scrolling\" style=\"--awb-background-position:center top;--awb-border-radius-top-left:0px;--awb-border-radius-top-right:0px;--awb-border-radius-bottom-right:0px;--awb-border-radius-bottom-left:0px;--awb-margin-bottom:0px;--awb-background-image:url(&quot;https:\/\/cpanoain.com\/wp-content\/uploads\/2018\/08\/cpabanner.jpg&quot;);--awb-background-size:cover;--awb-border-sizes-top:0px;--awb-border-sizes-bottom:0px;--awb-flex-wrap:wrap;\" ><div class=\"fusion-builder-row fusion-row\"><div class=\"fusion-layout-column fusion_builder_column fusion-builder-column-5 fusion_builder_column_1_1 1_1 fusion-one-full fusion-column-first fusion-column-last fusion-column-no-min-height fusion-animated\" style=\"--awb-padding-top:65px;--awb-padding-bottom:65px;--awb-bg-size:cover;--awb-margin-bottom:0px;\" data-animationType=\"slideInUp\" data-animationDuration=\"1.0\" data-animationOffset=\"top-into-view\"><div class=\"fusion-column-wrapper fusion-flex-column-wrapper-legacy\"><div class=\"fusion-reading-box-container reading-box-container-1 fusion-animated\" style=\"--awb-title-color:#333333;--awb-margin-top:0px;--awb-margin-bottom:84px;\" data-animationType=\"fadeInUp\" data-animationDuration=\"1\" data-animationOffset=\"top-into-view\"><div class=\"reading-box reading-box-center\" style=\"background-color:rgba(255,255,255,0.83);border-width:1px;border-color:rgba(255,255,255,.4);border-top-width:3px;border-top-color:var(--primary_color);border-style:solid;\"><h2>Conoce a nuestros patinadores y patinadoras<\/h2><div class=\"reading-box-description fusion-reading-box-additional\"><strong>Todos los grupos de patinadores y patinadoras en nuestra disciplina de individual<\/strong><\/div><div class=\"fusion-clearfix\"><\/div><a class=\"button fusion-button button-default fusion-button-large button-large button-flat fusion-mobile-button continue-center\" style=\"-webkit-box-shadow:none;-moz-box-shadow:none;box-shadow:none;border-radius:2px 2px 2px 2px\" href=\"https:\/\/cpanoain.com\/index.php\/individual\/\" target=\"_self\"><span>Ver individual<\/span><\/a><\/div><\/div><div class=\"fusion-clearfix\"><\/div><\/div><\/div><\/div><\/div><\/p>\n","protected":false},"excerpt":{"rendered":"","protected":false},"author":2,"featured_media":0,"parent":0,"menu_order":5,"comment_status":"open","ping_status":"closed","template":"100-width.php","meta":{"footnotes":""},"class_list":["post-11966","page","type-page","status-publish","hentry"],"yoast_head":"<!-- This site is optimized with the Yoast SEO plugin v25.6 - https:\/\/yoast.com\/wordpress\/plugins\/seo\/ -->\n<title>Show - C.P.A NO\u00c1IN<\/title>\n<meta name=\"robots\" content=\"index, follow, max-snippet:-1, max-image-preview:large, max-video-preview:-1\" \/>\n<link rel=\"canonical\" href=\"https:\/\/cpanoain.com\/index.php\/show\/\" \/>\n<meta property=\"og:locale\" content=\"es_ES\" \/>\n<meta property=\"og:type\" content=\"article\" \/>\n<meta property=\"og:title\" content=\"Show - C.P.A NO\u00c1IN\" \/>\n<meta property=\"og:url\" content=\"https:\/\/cpanoain.com\/index.php\/show\/\" \/>\n<meta property=\"og:site_name\" content=\"C.P.A NO\u00c1IN\" \/>\n<meta property=\"article:modified_time\" content=\"2021-02-09T01:59:03+00:00\" \/>\n<meta name=\"twitter:card\" content=\"summary_large_image\" \/>\n<meta name=\"twitter:label1\" content=\"Tiempo de lectura\" \/>\n\t<meta name=\"twitter:data1\" content=\"6 minutos\" \/>\n<script type=\"application\/ld+json\" class=\"yoast-schema-graph\">{\"@context\":\"https:\/\/schema.org\",\"@graph\":[{\"@type\":\"WebPage\",\"@id\":\"https:\/\/cpanoain.com\/index.php\/show\/\",\"url\":\"https:\/\/cpanoain.com\/index.php\/show\/\",\"name\":\"Show - C.P.A NO\u00c1IN\",\"isPartOf\":{\"@id\":\"https:\/\/cpanoain.com\/#website\"},\"datePublished\":\"2018-09-02T17:45:12+00:00\",\"dateModified\":\"2021-02-09T01:59:03+00:00\",\"breadcrumb\":{\"@id\":\"https:\/\/cpanoain.com\/index.php\/show\/#breadcrumb\"},\"inLanguage\":\"es\",\"potentialAction\":[{\"@type\":\"ReadAction\",\"target\":[\"https:\/\/cpanoain.com\/index.php\/show\/\"]}]},{\"@type\":\"BreadcrumbList\",\"@id\":\"https:\/\/cpanoain.com\/index.php\/show\/#breadcrumb\",\"itemListElement\":[{\"@type\":\"ListItem\",\"position\":1,\"name\":\"Portada\",\"item\":\"https:\/\/cpanoain.com\/\"},{\"@type\":\"ListItem\",\"position\":2,\"name\":\"Show\"}]},{\"@type\":\"WebSite\",\"@id\":\"https:\/\/cpanoain.com\/#website\",\"url\":\"https:\/\/cpanoain.com\/\",\"name\":\"C.P.A NO\u00c1IN\",\"description\":\"Club de Patinaje Art\u00edstico | No\u00e1in | Una gran familia sobre ruedas\",\"potentialAction\":[{\"@type\":\"SearchAction\",\"target\":{\"@type\":\"EntryPoint\",\"urlTemplate\":\"https:\/\/cpanoain.com\/?s={search_term_string}\"},\"query-input\":{\"@type\":\"PropertyValueSpecification\",\"valueRequired\":true,\"valueName\":\"search_term_string\"}}],\"inLanguage\":\"es\"}]}<\/script>\n<!-- \/ Yoast SEO plugin. -->","yoast_head_json":{"title":"Show - C.P.A NO\u00c1IN","robots":{"index":"index","follow":"follow","max-snippet":"max-snippet:-1","max-image-preview":"max-image-preview:large","max-video-preview":"max-video-preview:-1"},"canonical":"https:\/\/cpanoain.com\/index.php\/show\/","og_locale":"es_ES","og_type":"article","og_title":"Show - C.P.A NO\u00c1IN","og_url":"https:\/\/cpanoain.com\/index.php\/show\/","og_site_name":"C.P.A NO\u00c1IN","article_modified_time":"2021-02-09T01:59:03+00:00","twitter_card":"summary_large_image","twitter_misc":{"Tiempo de lectura":"6 minutos"},"schema":{"@context":"https:\/\/schema.org","@graph":[{"@type":"WebPage","@id":"https:\/\/cpanoain.com\/index.php\/show\/","url":"https:\/\/cpanoain.com\/index.php\/show\/","name":"Show - C.P.A NO\u00c1IN","isPartOf":{"@id":"https:\/\/cpanoain.com\/#website"},"datePublished":"2018-09-02T17:45:12+00:00","dateModified":"2021-02-09T01:59:03+00:00","breadcrumb":{"@id":"https:\/\/cpanoain.com\/index.php\/show\/#breadcrumb"},"inLanguage":"es","potentialAction":[{"@type":"ReadAction","target":["https:\/\/cpanoain.com\/index.php\/show\/"]}]},{"@type":"BreadcrumbList","@id":"https:\/\/cpanoain.com\/index.php\/show\/#breadcrumb","itemListElement":[{"@type":"ListItem","position":1,"name":"Portada","item":"https:\/\/cpanoain.com\/"},{"@type":"ListItem","position":2,"name":"Show"}]},{"@type":"WebSite","@id":"https:\/\/cpanoain.com\/#website","url":"https:\/\/cpanoain.com\/","name":"C.P.A NO\u00c1IN","description":"Club de Patinaje Art\u00edstico | No\u00e1in | Una gran familia sobre ruedas","potentialAction":[{"@type":"SearchAction","target":{"@type":"EntryPoint","urlTemplate":"https:\/\/cpanoain.com\/?s={search_term_string}"},"query-input":{"@type":"PropertyValueSpecification","valueRequired":true,"valueName":"search_term_string"}}],"inLanguage":"es"}]}},"_links":{"self":[{"href":"https:\/\/cpanoain.com\/index.php\/wp-json\/wp\/v2\/pages\/11966","targetHints":{"allow":["GET"]}}],"collection":[{"href":"https:\/\/cpanoain.com\/index.php\/wp-json\/wp\/v2\/pages"}],"about":[{"href":"https:\/\/cpanoain.com\/index.php\/wp-json\/wp\/v2\/types\/page"}],"author":[{"embeddable":true,"href":"https:\/\/cpanoain.com\/index.php\/wp-json\/wp\/v2\/users\/2"}],"replies":[{"embeddable":true,"href":"https:\/\/cpanoain.com\/index.php\/wp-json\/wp\/v2\/comments?post=11966"}],"version-history":[{"count":12,"href":"https:\/\/cpanoain.com\/index.php\/wp-json\/wp\/v2\/pages\/11966\/revisions"}],"predecessor-version":[{"id":13173,"href":"https:\/\/cpanoain.com\/index.php\/wp-json\/wp\/v2\/pages\/11966\/revisions\/13173"}],"wp:attachment":[{"href":"https:\/\/cpanoain.com\/index.php\/wp-json\/wp\/v2\/media?parent=11966"}],"curies":[{"name":"wp","href":"https:\/\/api.w.org\/{rel}","templated":true}]}}