{"id":11996,"date":"2018-09-02T18:32:03","date_gmt":"2018-09-02T18:32:03","guid":{"rendered":"https:\/\/cpanoain.com\/?page_id=11996"},"modified":"2020-03-06T12:08:23","modified_gmt":"2020-03-06T11:08:23","slug":"patrocinadores","status":"publish","type":"page","link":"https:\/\/cpanoain.com\/index.php\/patrocinadores\/","title":{"rendered":"Patrocinadores"},"content":{"rendered":"<p><div class=\"fusion-fullwidth fullwidth-box fusion-builder-row-1 nonhundred-percent-fullwidth non-hundred-percent-height-scrolling\" style=\"--awb-border-radius-top-left:0px;--awb-border-radius-top-right:0px;--awb-border-radius-bottom-right:0px;--awb-border-radius-bottom-left:0px;--awb-flex-wrap:wrap;\" ><div class=\"fusion-builder-row fusion-row\"><div class=\"fusion-layout-column fusion_builder_column fusion-builder-column-0 fusion_builder_column_1_2 1_2 fusion-one-half fusion-column-first fusion-animated\" style=\"--awb-bg-size:cover;width:48%; margin-right: 4%;\" data-animationType=\"slideInUp\" data-animationDuration=\"0.4\" data-animationOffset=\"top-into-view\"><div class=\"fusion-column-wrapper fusion-flex-column-wrapper-legacy\"><div class=\"fusion-title title fusion-title-1 fusion-sep-none fusion-title-text fusion-title-size-one\"><h1 class=\"fusion-title-heading title-heading-left fusion-responsive-typography-calculated\" style=\"margin:0;--fontSize:33;line-height:1.45;\"><p style=\"text-align: left;\">Gracias por apoyarnos<\/p><\/h1><\/div><div class=\"fusion-text fusion-text-1\"><p><span style=\"font-weight: 400;\"><span style=\"color: #3e4e82;\"><strong>C.P.A No\u00e1in<\/strong> <\/span><\/span>quiere agradecer especialmente el apoyo de todas las instituciones, organismos, empresas que colaboran y han colaborado en todas nuestras actividades, eventos y proyectos. <strong>Sin su ayuda no ser\u00eda posible continuar.<\/strong> Sirva su presencia aqu\u00ed como agradecimiento por el apoyo prestado y la confianza de que en el futuro seguiremos contando con ellos.<\/p>\n<\/div><div class=\"fusion-clearfix\"><\/div><\/div><\/div><div class=\"fusion-layout-column fusion_builder_column fusion-builder-column-1 fusion_builder_column_1_2 1_2 fusion-one-half fusion-column-last fusion-animated\" style=\"--awb-bg-size:cover;width:48%;\" data-animationType=\"slideInUp\" data-animationDuration=\"0.4\" data-animationOffset=\"top-into-view\"><div class=\"fusion-column-wrapper fusion-flex-column-wrapper-legacy\"><div class=\"fusion-fa-align-center\"><i class=\"fb-icon-element-1 fb-icon-element fontawesome-icon fa-kiss-wink-heart far circle-no\" style=\"--awb-iconcolor:#3e4e82;--awb-iconcolor-hover:#3e4e82;--awb-font-size:50px;\"><\/i><\/div><div class=\"fusion-sep-clear\"><\/div><div class=\"fusion-separator fusion-full-width-sep\" style=\"margin-left: auto;margin-right: auto;margin-top:0px;margin-bottom:10px;width:100%;\"><\/div><div class=\"fusion-sep-clear\"><\/div><div class=\"accordian fusion-accordian\" style=\"--awb-border-size:1px;--awb-icon-size:13px;--awb-content-font-size:13px;--awb-icon-alignment:left;--awb-hover-color:#f9f9f9;--awb-border-color:#cccccc;--awb-background-color:#ffffff;--awb-divider-color:#e0dede;--awb-divider-hover-color:#e0dede;--awb-icon-color:#ffffff;--awb-title-color:#333333;--awb-content-color:#747474;--awb-icon-box-color:#333333;--awb-toggle-hover-accent-color:#3e4e82;--awb-title-font-family:&quot;Montserrat&quot;;--awb-title-font-weight:300;--awb-title-font-style:normal;--awb-title-font-size:14px;--awb-title-letter-spacing:0px;--awb-title-line-height:1.43;--awb-content-font-family:&quot;Montserrat&quot;;--awb-content-font-style:normal;--awb-content-font-weight:300;\"><div class=\"panel-group fusion-toggle-icon-boxed\" id=\"accordion-11996-1\"><div class=\"fusion-panel panel-default panel-7301900644b4ea0a3 fusion-toggle-has-divider\"><div class=\"panel-heading\"><h4 class=\"panel-title toggle\" id=\"toggle_7301900644b4ea0a3\"><a aria-expanded=\"false\" aria-controls=\"7301900644b4ea0a3\" role=\"button\" data-toggle=\"collapse\" data-parent=\"#accordion-11996-1\" data-target=\"#7301900644b4ea0a3\" href=\"#7301900644b4ea0a3\"><span class=\"fusion-toggle-icon-wrapper\" aria-hidden=\"true\"><i class=\"fa-fusion-box active-icon awb-icon-minus\" aria-hidden=\"true\"><\/i><i class=\"fa-fusion-box inactive-icon awb-icon-plus\" aria-hidden=\"true\"><\/i><\/span><span class=\"fusion-toggle-heading\">\u00bfPOR QU\u00c9 SER PATROCINADOR DE C.P.A. NO\u00c1IN?<\/span><\/a><\/h4><\/div><div id=\"7301900644b4ea0a3\" class=\"panel-collapse collapse \" aria-labelledby=\"toggle_7301900644b4ea0a3\"><div class=\"panel-body toggle-content fusion-clearfix\">\n<ul>\n<li><strong>Ventajas fiscales\u00a0<\/strong><\/li>\n<li><strong>Aumento de la reputaci\u00f3n corporativa<\/strong> (apoyo al deporte, apoyo a un deporte minoritario pero en un club con m\u00e1s de cien patinadores y con presencia continua en competiciones a nivel auton\u00f3mico y nacional)<\/li>\n<li><strong>Visibilidad multimarca y multisoporte<\/strong> (soporte web, redes sociales, equipamiento, competiciones y torneos\u2026)<\/li>\n<li><strong>Oportunidad de participar en un proyecto nuevo pero con gran tradici\u00f3n en esta disciplina deportiva<\/strong>\u00a0(como un nuevo club que nace con la masa social del primer club de patinaje art\u00edstico de navarra y con una sustancial mejora de la gesti\u00f3n y la visibilidad y servicio a sus patrocinadores)<\/li>\n<li><strong>Visibilidad sostenida<\/strong>\u00a0a lo largo de la temporada (calendario de torneos, competiciones\u2026)<\/li>\n<li><strong>Repercusi\u00f3n medi\u00e1tica<\/strong> (trabajo con medios, redes sociales)<\/li>\n<li><strong>Apoyo a una masa social numerosa<\/strong> (m\u00e1s de 80 familias muy involucradas de todas las tipolog\u00edas)<\/li>\n<\/ul>\n<\/div><\/div><\/div><div class=\"fusion-panel panel-default panel-98db73f082bf0e4ee fusion-toggle-has-divider\"><div class=\"panel-heading\"><h4 class=\"panel-title toggle\" id=\"toggle_98db73f082bf0e4ee\"><a aria-expanded=\"false\" aria-controls=\"98db73f082bf0e4ee\" role=\"button\" data-toggle=\"collapse\" data-parent=\"#accordion-11996-1\" data-target=\"#98db73f082bf0e4ee\" href=\"#98db73f082bf0e4ee\"><span class=\"fusion-toggle-icon-wrapper\" aria-hidden=\"true\"><i class=\"fa-fusion-box active-icon awb-icon-minus\" aria-hidden=\"true\"><\/i><i class=\"fa-fusion-box inactive-icon awb-icon-plus\" aria-hidden=\"true\"><\/i><\/span><span class=\"fusion-toggle-heading\">VENTAJAS FISCALES<\/span><\/a><\/h4><\/div><div id=\"98db73f082bf0e4ee\" class=\"panel-collapse collapse \" aria-labelledby=\"toggle_98db73f082bf0e4ee\"><div class=\"panel-body toggle-content fusion-clearfix\">\n<div class=\"page\" title=\"Page 2\">\n<div class=\"section\">\n<div class=\"layoutArea\">\n<div class=\"column\">\n<p>La cantidad invertida en el contrato de patrocinio con <span style=\"color: #3e4e82;\"><strong>C.P.A. No\u00e1in<\/strong><\/span>\u00a0tiene un doble reflejo fiscal positivo para el\/la contribuyente: Por un lado<strong> disminuye la base imponible, al considerarse gasto de la actividad empresarial<\/strong>, y por otro lado<strong> se deduce de la cuota \u00edntegra un 30% de la cantidad satisfecha.<\/strong><\/p>\n<p>Todo esto permite que <strong>las empresas puedan beneficiarse fiscalmente de casi la mitad de lo aportado o incluso m\u00e1s seg\u00fan los casos.<\/strong><\/p>\n<\/div>\n<\/div>\n<\/div>\n<\/div>\n<\/div><\/div><\/div><div class=\"fusion-panel panel-default panel-0547c2dd96eda3d19 fusion-toggle-has-divider\"><div class=\"panel-heading\"><h4 class=\"panel-title toggle\" id=\"toggle_0547c2dd96eda3d19\"><a aria-expanded=\"false\" aria-controls=\"0547c2dd96eda3d19\" role=\"button\" data-toggle=\"collapse\" data-parent=\"#accordion-11996-1\" data-target=\"#0547c2dd96eda3d19\" href=\"#0547c2dd96eda3d19\"><span class=\"fusion-toggle-icon-wrapper\" aria-hidden=\"true\"><i class=\"fa-fusion-box active-icon awb-icon-minus\" aria-hidden=\"true\"><\/i><i class=\"fa-fusion-box inactive-icon awb-icon-plus\" aria-hidden=\"true\"><\/i><\/span><span class=\"fusion-toggle-heading\">\u00bfC\u00d3MO PUEDES AYUDARNOS?<\/span><\/a><\/h4><\/div><div id=\"0547c2dd96eda3d19\" class=\"panel-collapse collapse \" aria-labelledby=\"toggle_0547c2dd96eda3d19\"><div class=\"panel-body toggle-content fusion-clearfix\">\n<p>Las entidades y empresas pueden colaborar de muy diversas formas.<strong> Se establecen seg\u00fan las cantidades aportadas diversos niveles de patrocinio. En cada caso se estudiar\u00e1 con el patrocinador la forma de colaborar y la cantidad aportada (econ\u00f3mica o en especie).<\/strong><\/p>\n<ul>\n<li><strong>CPA Platino (patrocinio total)<\/strong>\n<ul>\n<li>Patrocinio \u00fanico y que incluir\u00eda al nombre de la empresa en el del club<\/li>\n<\/ul>\n<\/li>\n<li><strong>Patrocinador CPA (patrocinio anual)<\/strong>\n<ul>\n<li>CPA Oro &#8211; Presencia en Vestuario &#8211; Roll up propio en todas las competiciones &#8211; Presencia en Redes sociales y web &#8211; Noticias en Medios<\/li>\n<li>CPA Plata &#8211; Roll up compartido en todas las competiciones &#8211; Presencia en Redes sociales y web &#8211; Noticias en Medios<\/li>\n<li>CPA Bronce &#8211; Presencia en Redes sociales y web<span class=\"Apple-converted-space\">\u00a0<\/span><\/li>\n<\/ul>\n<\/li>\n<li><strong>Patrocinio CPA -Torneo (puntual)<\/strong>\n<ul>\n<li>Patrocinio total de un torneo<span class=\"Apple-converted-space\">\u00a0<\/span><\/li>\n<li>Patrocinio parcial<span class=\"Apple-converted-space\">\u00a0<\/span><\/li>\n<li>Colaborador<\/li>\n<\/ul>\n<\/li>\n<\/ul>\n<\/div><\/div><\/div><div class=\"fusion-panel panel-default panel-5d4a8aceb90fcd2b1 fusion-toggle-has-divider\"><div class=\"panel-heading\"><h4 class=\"panel-title toggle\" id=\"toggle_5d4a8aceb90fcd2b1\"><a aria-expanded=\"false\" aria-controls=\"5d4a8aceb90fcd2b1\" role=\"button\" data-toggle=\"collapse\" data-parent=\"#accordion-11996-1\" data-target=\"#5d4a8aceb90fcd2b1\" href=\"#5d4a8aceb90fcd2b1\"><span class=\"fusion-toggle-icon-wrapper\" aria-hidden=\"true\"><i class=\"fa-fusion-box active-icon awb-icon-minus\" aria-hidden=\"true\"><\/i><i class=\"fa-fusion-box inactive-icon awb-icon-plus\" aria-hidden=\"true\"><\/i><\/span><span class=\"fusion-toggle-heading\">DESCARGAR DOSSIER DE PATROCINIO<\/span><\/a><\/h4><\/div><div id=\"5d4a8aceb90fcd2b1\" class=\"panel-collapse collapse \" aria-labelledby=\"toggle_5d4a8aceb90fcd2b1\"><div class=\"panel-body toggle-content fusion-clearfix\">\n<p>Descargar el <strong>dossier de patrocinio de<\/strong> <span style=\"color: #3e4e82;\"><strong>C.P.A No\u00e1in<\/strong><\/span> donde te contamos qui\u00e9nes somos, qu\u00e9 hacemos y c\u00f3mo convertirte en patrocinador. Si est\u00e1s interesado contacta con nosotros.<\/p>\n<div class=\"fusion-button-wrapper\"><a class=\"fusion-button button-flat fusion-button-default-size button-default fusion-button-default button-1 fusion-button-default-span fusion-button-default-type\" target=\"_blank\" rel=\"noopener noreferrer\" href=\"https:\/\/cpanoain.com\/wp-content\/uploads\/2018\/10\/dossierpatrocinio2018_2019.pdf\"><span class=\"fusion-button-text awb-button__text awb-button__text--default\">DESCARGAR DOSSIER DE PATROCINIO<\/span><\/a><\/div>\n<\/div><\/div><\/div><\/div><\/div><div class=\"fusion-clearfix\"><\/div><\/div><\/div><div class=\"fusion-layout-column fusion_builder_column fusion-builder-column-2 fusion_builder_column_1_1 1_1 fusion-one-full fusion-column-first fusion-column-last fusion-animated\" style=\"--awb-bg-size:cover;\" data-animationType=\"slideInUp\" data-animationDuration=\"0.6\" data-animationOffset=\"top-into-view\"><div class=\"fusion-column-wrapper fusion-flex-column-wrapper-legacy\"><div class=\"fusion-sep-clear\"><\/div><div class=\"fusion-separator fusion-full-width-sep\" style=\"margin-left: auto;margin-right: auto;margin-top:20px;margin-bottom:20px;width:100%;\"><div class=\"fusion-separator-border sep-single sep-solid\" style=\"--awb-height:20px;--awb-amount:20px;border-color:#e0dede;border-top-width:1px;\"><\/div><\/div><div class=\"fusion-sep-clear\"><\/div><div class=\"fusion-image-carousel fusion-image-carousel-auto fusion-image-carousel-1\"><div class=\"awb-carousel awb-swiper awb-swiper-carousel awb-swiper-dots-position-bottom awb-carousel--carousel\" data-layout=\"carousel\" data-autoplay=\"yes\" data-autoplayspeed=\"2500\" data-autoplaypause=\"no\" data-columns=\"6\" data-itemmargin=\"13\" data-itemwidth=\"180\" data-touchscroll=\"no\" data-freemode=\"no\" data-imagesize=\"auto\" data-scrollitems=\"0\" data-centeredslides=\"no\" data-rotationangle=\"50\" data-depth=\"100\" data-speed=\"500\" data-shadow=\"no\" style=\"--awb-columns:6;\"><div class=\"swiper-wrapper awb-image-carousel-wrapper fusion-flex-align-items-center\"><div class=\"swiper-slide\"><div class=\"fusion-carousel-item-wrapper\"><div class=\"fusion-image-wrapper hover-type-none\"><a href=\"http:\/\/www.noain.es\/es\" target=\"_blank\" rel=\"noopener noreferrer\"><img decoding=\"async\" width=\"133\" height=\"200\" src=\"https:\/\/cpanoain.com\/wp-content\/uploads\/2018\/12\/patronatonoainweb-e1545400941802.jpg\" class=\"attachment-full size-full\" alt=\"\" \/><\/a><\/div><\/div><\/div><div class=\"swiper-slide\"><div class=\"fusion-carousel-item-wrapper\"><div class=\"fusion-image-wrapper hover-type-none\"><a href=\"http:\/\/www.noain.es\/es\/\" target=\"_blank\" rel=\"noopener noreferrer\"><img decoding=\"async\" width=\"250\" height=\"150\" src=\"https:\/\/cpanoain.com\/wp-content\/uploads\/2018\/12\/aytonoainweb.png\" class=\"attachment-full size-full\" alt=\"\" srcset=\"https:\/\/cpanoain.com\/wp-content\/uploads\/2018\/12\/aytonoainweb-200x120.png 200w, https:\/\/cpanoain.com\/wp-content\/uploads\/2018\/12\/aytonoainweb.png 250w\" sizes=\"(min-width: 2200px) 100vw, (min-width: 1099px) 173px, (min-width: 1007px) 207px, (min-width: 915px) 259px, (min-width: 824px) 345px, (min-width: 732px) 518px, (min-width: 640px) 732px, \" \/><\/a><\/div><\/div><\/div><div class=\"swiper-slide\"><div class=\"fusion-carousel-item-wrapper\"><div class=\"fusion-image-wrapper hover-type-none\"><a href=\"http:\/\/kanakifilms.com\/index.html\" target=\"_blank\" rel=\"noopener noreferrer\"><img decoding=\"async\" width=\"80\" height=\"109\" src=\"https:\/\/cpanoain.com\/wp-content\/uploads\/2018\/12\/logotipo-kanaki_negro-crop-u7063-e1545401597429.png\" class=\"attachment-full size-full\" alt=\"\" \/><\/a><\/div><\/div><\/div><div class=\"swiper-slide\"><div class=\"fusion-carousel-item-wrapper\"><div class=\"fusion-image-wrapper hover-type-none\"><a href=\"http:\/\/www.doelec.com\" target=\"_blank\" rel=\"noopener noreferrer\"><img decoding=\"async\" width=\"200\" height=\"60\" src=\"https:\/\/cpanoain.com\/wp-content\/uploads\/2018\/12\/logo1-e1545402296905.png\" class=\"attachment-full size-full\" alt=\"\" \/><\/a><\/div><\/div><\/div><div class=\"swiper-slide\"><div class=\"fusion-carousel-item-wrapper\"><div class=\"fusion-image-wrapper hover-type-none\"><a href=\"https:\/\/ncencomunicacion.com\" target=\"_blank\" rel=\"noopener noreferrer\"><img decoding=\"async\" width=\"150\" height=\"15\" src=\"https:\/\/cpanoain.com\/wp-content\/uploads\/2018\/12\/encomunicacion-e1545401549149.png\" class=\"attachment-full size-full\" alt=\"\" \/><\/a><\/div><\/div><\/div><div class=\"swiper-slide\"><div class=\"fusion-carousel-item-wrapper\"><div class=\"fusion-image-wrapper hover-type-none\"><img decoding=\"async\" width=\"719\" height=\"562\" src=\"https:\/\/cpanoain.com\/wp-content\/uploads\/2020\/03\/sese.jpg\" class=\"attachment-full size-full\" alt=\"\" srcset=\"https:\/\/cpanoain.com\/wp-content\/uploads\/2020\/03\/sese-200x156.jpg 200w, https:\/\/cpanoain.com\/wp-content\/uploads\/2020\/03\/sese-400x313.jpg 400w, https:\/\/cpanoain.com\/wp-content\/uploads\/2020\/03\/sese-600x469.jpg 600w, https:\/\/cpanoain.com\/wp-content\/uploads\/2020\/03\/sese.jpg 719w\" sizes=\"(min-width: 2200px) 100vw, (min-width: 1099px) 173px, (min-width: 1007px) 207px, (min-width: 915px) 259px, (min-width: 824px) 345px, (min-width: 732px) 518px, (min-width: 640px) 732px, \" \/><\/div><\/div><\/div><\/div><\/div><\/div><div class=\"fusion-sep-clear\"><\/div><div class=\"fusion-separator fusion-full-width-sep\" style=\"margin-left: auto;margin-right: auto;margin-top:20px;margin-bottom:20px;width:100%;\"><\/div><div class=\"fusion-sep-clear\"><\/div><div class=\"fusion-sep-clear\"><\/div><div class=\"fusion-separator fusion-full-width-sep\" style=\"margin-left: auto;margin-right: auto;margin-top:10px;margin-bottom:20px;width:100%;\"><div class=\"fusion-separator-border sep-double sep-solid\" style=\"--awb-height:20px;--awb-amount:20px;border-color:#e0dede;border-top-width:1px;border-bottom-width:1px;\"><\/div><\/div><div class=\"fusion-sep-clear\"><\/div><div class=\"fusion-clearfix\"><\/div><\/div><\/div><\/div><\/div><div class=\"fusion-bg-parallax\" data-bg-align=\"center top\" data-direction=\"up\" data-mute=\"false\" data-opacity=\"100\" data-velocity=\"-0.3\" data-mobile-enabled=\"false\" data-break_parents=\"0\" data-bg-image=\"https:\/\/cpanoain.com\/wp-content\/uploads\/2018\/08\/cpabanner.jpg\" data-bg-repeat=\"false\" ><\/div><div class=\"fusion-fullwidth fullwidth-box fusion-builder-row-2 fusion-parallax-up hundred-percent-fullwidth non-hundred-percent-height-scrolling\" style=\"--awb-background-position:center top;--awb-border-radius-top-left:0px;--awb-border-radius-top-right:0px;--awb-border-radius-bottom-right:0px;--awb-border-radius-bottom-left:0px;--awb-margin-bottom:0px;--awb-background-image:url(&quot;https:\/\/cpanoain.com\/wp-content\/uploads\/2018\/08\/cpabanner.jpg&quot;);--awb-background-size:cover;--awb-border-sizes-top:0px;--awb-border-sizes-bottom:0px;--awb-flex-wrap:wrap;\" ><div class=\"fusion-builder-row fusion-row\"><div class=\"fusion-layout-column fusion_builder_column fusion-builder-column-3 fusion_builder_column_1_1 1_1 fusion-one-full fusion-column-first fusion-column-last fusion-column-no-min-height fusion-animated\" style=\"--awb-padding-top:65px;--awb-padding-bottom:65px;--awb-bg-size:cover;--awb-margin-bottom:0px;\" data-animationType=\"slideInUp\" data-animationDuration=\"1.0\" data-animationOffset=\"top-into-view\"><div class=\"fusion-column-wrapper fusion-flex-column-wrapper-legacy\"><div class=\"fusion-reading-box-container reading-box-container-1 fusion-animated\" style=\"--awb-title-color:#333333;--awb-margin-top:0px;--awb-margin-bottom:84px;\" data-animationType=\"fadeInUp\" data-animationDuration=\"1\" data-animationOffset=\"top-into-view\"><div class=\"reading-box reading-box-center\" style=\"background-color:rgba(255,255,255,0.83);border-width:1px;border-color:rgba(255,255,255,.4);border-top-width:3px;border-top-color:var(--primary_color);border-style:solid;\"><h2>\u00bfQuieres ser patrocinador? <\/h2><div class=\"reading-box-description fusion-reading-box-additional\"><strong>Si quieres apoyar nuestro proyecto, apoyar un evento concreto o tienes ideas en las que podemos colaborar juntos, ponte en contacto con nosotros sin compromiso<\/strong><\/div><div class=\"fusion-clearfix\"><\/div><a class=\"button fusion-button button-default fusion-button-large button-large button-flat fusion-mobile-button continue-center\" style=\"-webkit-box-shadow:none;-moz-box-shadow:none;box-shadow:none;border-radius:0px 0px 0px 0px\" href=\"mailto:cpanoain@gmail.com\" target=\"_self\"><span>Quiero m\u00e1s informaci\u00f3n sobre patrocinio<\/span><\/a><\/div><\/div><div class=\"fusion-clearfix\"><\/div><\/div><\/div><\/div><\/div><\/p>\n","protected":false},"excerpt":{"rendered":"","protected":false},"author":2,"featured_media":0,"parent":0,"menu_order":4,"comment_status":"open","ping_status":"closed","template":"100-width.php","meta":{"footnotes":""},"class_list":["post-11996","page","type-page","status-publish","hentry"],"yoast_head":"<!-- This site is optimized with the Yoast SEO plugin v25.6 - https:\/\/yoast.com\/wordpress\/plugins\/seo\/ -->\n<title>Patrocinadores - C.P.A NO\u00c1IN<\/title>\n<meta name=\"robots\" content=\"index, follow, max-snippet:-1, max-image-preview:large, max-video-preview:-1\" \/>\n<link rel=\"canonical\" href=\"https:\/\/cpanoain.com\/index.php\/patrocinadores\/\" \/>\n<meta property=\"og:locale\" content=\"es_ES\" \/>\n<meta property=\"og:type\" content=\"article\" \/>\n<meta property=\"og:title\" content=\"Patrocinadores - C.P.A NO\u00c1IN\" \/>\n<meta property=\"og:url\" content=\"https:\/\/cpanoain.com\/index.php\/patrocinadores\/\" \/>\n<meta property=\"og:site_name\" content=\"C.P.A NO\u00c1IN\" \/>\n<meta property=\"article:modified_time\" content=\"2020-03-06T11:08:23+00:00\" \/>\n<meta name=\"twitter:card\" content=\"summary_large_image\" \/>\n<meta name=\"twitter:label1\" content=\"Tiempo de lectura\" \/>\n\t<meta name=\"twitter:data1\" content=\"8 minutos\" \/>\n<script type=\"application\/ld+json\" class=\"yoast-schema-graph\">{\"@context\":\"https:\/\/schema.org\",\"@graph\":[{\"@type\":\"WebPage\",\"@id\":\"https:\/\/cpanoain.com\/index.php\/patrocinadores\/\",\"url\":\"https:\/\/cpanoain.com\/index.php\/patrocinadores\/\",\"name\":\"Patrocinadores - C.P.A NO\u00c1IN\",\"isPartOf\":{\"@id\":\"https:\/\/cpanoain.com\/#website\"},\"datePublished\":\"2018-09-02T18:32:03+00:00\",\"dateModified\":\"2020-03-06T11:08:23+00:00\",\"breadcrumb\":{\"@id\":\"https:\/\/cpanoain.com\/index.php\/patrocinadores\/#breadcrumb\"},\"inLanguage\":\"es\",\"potentialAction\":[{\"@type\":\"ReadAction\",\"target\":[\"https:\/\/cpanoain.com\/index.php\/patrocinadores\/\"]}]},{\"@type\":\"BreadcrumbList\",\"@id\":\"https:\/\/cpanoain.com\/index.php\/patrocinadores\/#breadcrumb\",\"itemListElement\":[{\"@type\":\"ListItem\",\"position\":1,\"name\":\"Portada\",\"item\":\"https:\/\/cpanoain.com\/\"},{\"@type\":\"ListItem\",\"position\":2,\"name\":\"Patrocinadores\"}]},{\"@type\":\"WebSite\",\"@id\":\"https:\/\/cpanoain.com\/#website\",\"url\":\"https:\/\/cpanoain.com\/\",\"name\":\"C.P.A NO\u00c1IN\",\"description\":\"Club de Patinaje Art\u00edstico | No\u00e1in | Una gran familia sobre ruedas\",\"potentialAction\":[{\"@type\":\"SearchAction\",\"target\":{\"@type\":\"EntryPoint\",\"urlTemplate\":\"https:\/\/cpanoain.com\/?s={search_term_string}\"},\"query-input\":{\"@type\":\"PropertyValueSpecification\",\"valueRequired\":true,\"valueName\":\"search_term_string\"}}],\"inLanguage\":\"es\"}]}<\/script>\n<!-- \/ Yoast SEO plugin. -->","yoast_head_json":{"title":"Patrocinadores - C.P.A NO\u00c1IN","robots":{"index":"index","follow":"follow","max-snippet":"max-snippet:-1","max-image-preview":"max-image-preview:large","max-video-preview":"max-video-preview:-1"},"canonical":"https:\/\/cpanoain.com\/index.php\/patrocinadores\/","og_locale":"es_ES","og_type":"article","og_title":"Patrocinadores - C.P.A NO\u00c1IN","og_url":"https:\/\/cpanoain.com\/index.php\/patrocinadores\/","og_site_name":"C.P.A NO\u00c1IN","article_modified_time":"2020-03-06T11:08:23+00:00","twitter_card":"summary_large_image","twitter_misc":{"Tiempo de lectura":"8 minutos"},"schema":{"@context":"https:\/\/schema.org","@graph":[{"@type":"WebPage","@id":"https:\/\/cpanoain.com\/index.php\/patrocinadores\/","url":"https:\/\/cpanoain.com\/index.php\/patrocinadores\/","name":"Patrocinadores - C.P.A NO\u00c1IN","isPartOf":{"@id":"https:\/\/cpanoain.com\/#website"},"datePublished":"2018-09-02T18:32:03+00:00","dateModified":"2020-03-06T11:08:23+00:00","breadcrumb":{"@id":"https:\/\/cpanoain.com\/index.php\/patrocinadores\/#breadcrumb"},"inLanguage":"es","potentialAction":[{"@type":"ReadAction","target":["https:\/\/cpanoain.com\/index.php\/patrocinadores\/"]}]},{"@type":"BreadcrumbList","@id":"https:\/\/cpanoain.com\/index.php\/patrocinadores\/#breadcrumb","itemListElement":[{"@type":"ListItem","position":1,"name":"Portada","item":"https:\/\/cpanoain.com\/"},{"@type":"ListItem","position":2,"name":"Patrocinadores"}]},{"@type":"WebSite","@id":"https:\/\/cpanoain.com\/#website","url":"https:\/\/cpanoain.com\/","name":"C.P.A NO\u00c1IN","description":"Club de Patinaje Art\u00edstico | No\u00e1in | Una gran familia sobre ruedas","potentialAction":[{"@type":"SearchAction","target":{"@type":"EntryPoint","urlTemplate":"https:\/\/cpanoain.com\/?s={search_term_string}"},"query-input":{"@type":"PropertyValueSpecification","valueRequired":true,"valueName":"search_term_string"}}],"inLanguage":"es"}]}},"_links":{"self":[{"href":"https:\/\/cpanoain.com\/index.php\/wp-json\/wp\/v2\/pages\/11996","targetHints":{"allow":["GET"]}}],"collection":[{"href":"https:\/\/cpanoain.com\/index.php\/wp-json\/wp\/v2\/pages"}],"about":[{"href":"https:\/\/cpanoain.com\/index.php\/wp-json\/wp\/v2\/types\/page"}],"author":[{"embeddable":true,"href":"https:\/\/cpanoain.com\/index.php\/wp-json\/wp\/v2\/users\/2"}],"replies":[{"embeddable":true,"href":"https:\/\/cpanoain.com\/index.php\/wp-json\/wp\/v2\/comments?post=11996"}],"version-history":[{"count":21,"href":"https:\/\/cpanoain.com\/index.php\/wp-json\/wp\/v2\/pages\/11996\/revisions"}],"predecessor-version":[{"id":12924,"href":"https:\/\/cpanoain.com\/index.php\/wp-json\/wp\/v2\/pages\/11996\/revisions\/12924"}],"wp:attachment":[{"href":"https:\/\/cpanoain.com\/index.php\/wp-json\/wp\/v2\/media?parent=11996"}],"curies":[{"name":"wp","href":"https:\/\/api.w.org\/{rel}","templated":true}]}}