{"id":3496,"date":"2013-04-04T15:18:43","date_gmt":"2013-04-04T15:18:43","guid":{"rendered":"http:\/\/avada.theme-fusion.comxml\/?page_id=3496"},"modified":"2018-11-15T21:14:17","modified_gmt":"2018-11-15T20:14:17","slug":"calendario","status":"publish","type":"page","link":"https:\/\/cpanoain.com\/index.php\/calendario\/","title":{"rendered":"Calendario"},"content":{"rendered":"<div class=\"fusion-fullwidth fullwidth-box fusion-builder-row-1 nonhundred-percent-fullwidth non-hundred-percent-height-scrolling\" style=\"--awb-border-radius-top-left:0px;--awb-border-radius-top-right:0px;--awb-border-radius-bottom-right:0px;--awb-border-radius-bottom-left:0px;--awb-flex-wrap:wrap;\" ><div class=\"fusion-builder-row fusion-row\"><div class=\"fusion-layout-column fusion_builder_column fusion-builder-column-0 fusion_builder_column_1_1 1_1 fusion-one-full fusion-column-first fusion-column-last fusion-animated\" style=\"--awb-bg-size:cover;\" data-animationType=\"slideInUp\" data-animationDuration=\"0.4\" data-animationOffset=\"top-into-view\"><div class=\"fusion-column-wrapper fusion-flex-column-wrapper-legacy\"><div class=\"fusion-text fusion-text-1\"><h3 style=\"text-align: center; font-size: 30px !important;\"><strong><span style=\"color: #3e4e82;\"><span style=\"font-size: 30px !important;\">Todas las actividades, masterclass, competiciones, torneos y citas importantes en el calendario de C.P.A. No\u00e1in.<\/span><\/span> <\/strong><\/h3>\n<h3 style=\"text-align: center;\">Puedes filtrar por categor\u00eda, ver en modo agenda o calendario y ver m\u00e1s detalles de cada actividad. Si tienes dudas, cons\u00faltanos.<\/h3>\n<\/div><div class=\"fusion-text fusion-text-2\"><p style=\"text-align: center;\">Puede haber cambios en las fechas y los lugares de los eventos pueden tener cambios. Conforme se acerca la fecha se comunicar\u00e1n fechas, lugares y horarios definitivos en aquellos eventos en los que participe el C.P.A. No\u00e1in<\/p>\n<\/div><div class=\"fusion-sep-clear\"><\/div><div class=\"fusion-separator fusion-full-width-sep\" style=\"margin-left: auto;margin-right: auto;margin-top:20px;width:100%;\"><\/div><div class=\"fusion-sep-clear\"><\/div><div class=\"fusion-clearfix\"><\/div><\/div><\/div><\/div><\/div>\n","protected":false},"excerpt":{"rendered":"","protected":false},"author":1,"featured_media":0,"parent":0,"menu_order":98,"comment_status":"open","ping_status":"closed","template":"","meta":{"footnotes":""},"class_list":["post-3496","page","type-page","status-publish","hentry"],"yoast_head":"<!-- This site is optimized with the Yoast SEO plugin v25.6 - https:\/\/yoast.com\/wordpress\/plugins\/seo\/ -->\n<title>Calendario - C.P.A NO\u00c1IN<\/title>\n<meta name=\"robots\" content=\"index, follow, max-snippet:-1, max-image-preview:large, max-video-preview:-1\" \/>\n<link rel=\"canonical\" href=\"https:\/\/cpanoain.com\/index.php\/calendario\/\" \/>\n<meta property=\"og:locale\" content=\"es_ES\" \/>\n<meta property=\"og:type\" content=\"article\" \/>\n<meta property=\"og:title\" content=\"Calendario - C.P.A NO\u00c1IN\" \/>\n<meta property=\"og:url\" content=\"https:\/\/cpanoain.com\/index.php\/calendario\/\" \/>\n<meta property=\"og:site_name\" content=\"C.P.A NO\u00c1IN\" \/>\n<meta property=\"article:modified_time\" content=\"2018-11-15T20:14:17+00:00\" \/>\n<meta name=\"twitter:card\" content=\"summary_large_image\" \/>\n<meta name=\"twitter:label1\" content=\"Tiempo de lectura\" \/>\n\t<meta name=\"twitter:data1\" content=\"2 minutos\" \/>\n<script type=\"application\/ld+json\" class=\"yoast-schema-graph\">{\"@context\":\"https:\/\/schema.org\",\"@graph\":[{\"@type\":\"WebPage\",\"@id\":\"https:\/\/cpanoain.com\/index.php\/calendario\/\",\"url\":\"https:\/\/cpanoain.com\/index.php\/calendario\/\",\"name\":\"Calendario - C.P.A NO\u00c1IN\",\"isPartOf\":{\"@id\":\"https:\/\/cpanoain.com\/#website\"},\"datePublished\":\"2013-04-04T15:18:43+00:00\",\"dateModified\":\"2018-11-15T20:14:17+00:00\",\"breadcrumb\":{\"@id\":\"https:\/\/cpanoain.com\/index.php\/calendario\/#breadcrumb\"},\"inLanguage\":\"es\",\"potentialAction\":[{\"@type\":\"ReadAction\",\"target\":[\"https:\/\/cpanoain.com\/index.php\/calendario\/\"]}]},{\"@type\":\"BreadcrumbList\",\"@id\":\"https:\/\/cpanoain.com\/index.php\/calendario\/#breadcrumb\",\"itemListElement\":[{\"@type\":\"ListItem\",\"position\":1,\"name\":\"Portada\",\"item\":\"https:\/\/cpanoain.com\/\"},{\"@type\":\"ListItem\",\"position\":2,\"name\":\"Calendario\"}]},{\"@type\":\"WebSite\",\"@id\":\"https:\/\/cpanoain.com\/#website\",\"url\":\"https:\/\/cpanoain.com\/\",\"name\":\"C.P.A NO\u00c1IN\",\"description\":\"Club de Patinaje Art\u00edstico | No\u00e1in | Una gran familia sobre ruedas\",\"potentialAction\":[{\"@type\":\"SearchAction\",\"target\":{\"@type\":\"EntryPoint\",\"urlTemplate\":\"https:\/\/cpanoain.com\/?s={search_term_string}\"},\"query-input\":{\"@type\":\"PropertyValueSpecification\",\"valueRequired\":true,\"valueName\":\"search_term_string\"}}],\"inLanguage\":\"es\"}]}<\/script>\n<!-- \/ Yoast SEO plugin. -->","yoast_head_json":{"title":"Calendario - C.P.A NO\u00c1IN","robots":{"index":"index","follow":"follow","max-snippet":"max-snippet:-1","max-image-preview":"max-image-preview:large","max-video-preview":"max-video-preview:-1"},"canonical":"https:\/\/cpanoain.com\/index.php\/calendario\/","og_locale":"es_ES","og_type":"article","og_title":"Calendario - C.P.A NO\u00c1IN","og_url":"https:\/\/cpanoain.com\/index.php\/calendario\/","og_site_name":"C.P.A NO\u00c1IN","article_modified_time":"2018-11-15T20:14:17+00:00","twitter_card":"summary_large_image","twitter_misc":{"Tiempo de lectura":"2 minutos"},"schema":{"@context":"https:\/\/schema.org","@graph":[{"@type":"WebPage","@id":"https:\/\/cpanoain.com\/index.php\/calendario\/","url":"https:\/\/cpanoain.com\/index.php\/calendario\/","name":"Calendario - C.P.A NO\u00c1IN","isPartOf":{"@id":"https:\/\/cpanoain.com\/#website"},"datePublished":"2013-04-04T15:18:43+00:00","dateModified":"2018-11-15T20:14:17+00:00","breadcrumb":{"@id":"https:\/\/cpanoain.com\/index.php\/calendario\/#breadcrumb"},"inLanguage":"es","potentialAction":[{"@type":"ReadAction","target":["https:\/\/cpanoain.com\/index.php\/calendario\/"]}]},{"@type":"BreadcrumbList","@id":"https:\/\/cpanoain.com\/index.php\/calendario\/#breadcrumb","itemListElement":[{"@type":"ListItem","position":1,"name":"Portada","item":"https:\/\/cpanoain.com\/"},{"@type":"ListItem","position":2,"name":"Calendario"}]},{"@type":"WebSite","@id":"https:\/\/cpanoain.com\/#website","url":"https:\/\/cpanoain.com\/","name":"C.P.A NO\u00c1IN","description":"Club de Patinaje Art\u00edstico | No\u00e1in | Una gran familia sobre ruedas","potentialAction":[{"@type":"SearchAction","target":{"@type":"EntryPoint","urlTemplate":"https:\/\/cpanoain.com\/?s={search_term_string}"},"query-input":{"@type":"PropertyValueSpecification","valueRequired":true,"valueName":"search_term_string"}}],"inLanguage":"es"}]}},"_links":{"self":[{"href":"https:\/\/cpanoain.com\/index.php\/wp-json\/wp\/v2\/pages\/3496","targetHints":{"allow":["GET"]}}],"collection":[{"href":"https:\/\/cpanoain.com\/index.php\/wp-json\/wp\/v2\/pages"}],"about":[{"href":"https:\/\/cpanoain.com\/index.php\/wp-json\/wp\/v2\/types\/page"}],"author":[{"embeddable":true,"href":"https:\/\/cpanoain.com\/index.php\/wp-json\/wp\/v2\/users\/1"}],"replies":[{"embeddable":true,"href":"https:\/\/cpanoain.com\/index.php\/wp-json\/wp\/v2\/comments?post=3496"}],"version-history":[{"count":10,"href":"https:\/\/cpanoain.com\/index.php\/wp-json\/wp\/v2\/pages\/3496\/revisions"}],"predecessor-version":[{"id":12904,"href":"https:\/\/cpanoain.com\/index.php\/wp-json\/wp\/v2\/pages\/3496\/revisions\/12904"}],"wp:attachment":[{"href":"https:\/\/cpanoain.com\/index.php\/wp-json\/wp\/v2\/media?parent=3496"}],"curies":[{"name":"wp","href":"https:\/\/api.w.org\/{rel}","templated":true}]}}