{"id":3697,"date":"2013-05-24T20:06:34","date_gmt":"2013-05-24T20:06:34","guid":{"rendered":"http:\/\/avada.theme-fusion.comxml\/?page_id=3697"},"modified":"2026-01-03T17:24:17","modified_gmt":"2026-01-03T16:24:17","slug":"noticias","status":"publish","type":"page","link":"https:\/\/cpanoain.com\/index.php\/noticias\/","title":{"rendered":"Noticias"},"content":{"rendered":"<p><div class=\"fusion-fullwidth fullwidth-box fusion-builder-row-1 nonhundred-percent-fullwidth non-hundred-percent-height-scrolling\" style=\"--awb-border-radius-top-left:0px;--awb-border-radius-top-right:0px;--awb-border-radius-bottom-right:0px;--awb-border-radius-bottom-left:0px;--awb-flex-wrap:wrap;\" ><div class=\"fusion-builder-row fusion-row\"><div class=\"fusion-layout-column fusion_builder_column fusion-builder-column-0 fusion_builder_column_1_1 1_1 fusion-one-full fusion-column-first fusion-column-last fusion-animated\" style=\"--awb-bg-size:cover;\" data-animationType=\"slideInUp\" data-animationDuration=\"0.4\" data-animationOffset=\"top-into-view\"><div class=\"fusion-column-wrapper fusion-flex-column-wrapper-legacy\"><div class=\"fusion-text fusion-text-1\"><h1 style=\"text-align: center; font-size: 30px !important;\"><strong><span style=\"color: #3e4e82;\"><span style=\"font-size: 30px !important;\">Aqu\u00ed puedes enterarte de las noticias m\u00e1s destacadas alrededor del club. <\/span><\/span><\/strong><span style=\"font-size: 30px !important;\">Y si lo prefieres s\u00edguenos en las redes sociales para estar siempre al d\u00eda \u00a0<\/span><\/h1>\n<\/div><div class=\"fusion-sep-clear\"><\/div><div class=\"fusion-separator fusion-full-width-sep\" style=\"margin-left: auto;margin-right: auto;margin-top:-30px;width:100%;\"><\/div><div class=\"fusion-sep-clear\"><\/div><div class=\"fusion-clearfix\"><\/div><\/div><\/div><div class=\"fusion-layout-column fusion_builder_column fusion-builder-column-1 fusion_builder_column_1_2 1_2 fusion-one-half fusion-column-first fusion-column-no-min-height\" style=\"--awb-bg-size:cover;--awb-margin-bottom:0px;width:48%; margin-right: 4%;\"><div class=\"fusion-column-wrapper fusion-flex-column-wrapper-legacy\">[fts_facebook type=page id=2129498047070594 access_token=EAAP9hArvboQBAGFnob8QaLPMRUnFvNcbHcIZCnb9tjPzR4ZB2oOH3aYpBkZBXIBJvgAYE5NUbHis1pVZBmV1s1mUthzNgg6AMWlIDVNlqxAYdZCAPrhoLqJojB9OOLUTNzIIorOXlrxCyptRbHjdkMaqEc30uer9TCxusuZB3jWgZDZD posts=6 description=yes posts_displayed=page_only]<div class=\"fusion-clearfix\"><\/div><\/div><\/div><div class=\"fusion-layout-column fusion_builder_column fusion-builder-column-2 fusion_builder_column_1_2 1_2 fusion-one-half fusion-column-last fusion-column-no-min-height\" style=\"--awb-bg-size:cover;--awb-margin-bottom:0px;width:48%;\"><div class=\"fusion-column-wrapper fusion-flex-column-wrapper-legacy\">[fts_instagram instagram_id=8012035606 access_token=8012035606.da06fb6.7f98793496324830b7463abf47e86026 pics_count=6 type=user profile_wrap=yes profile_photo=no profile_stats=yes profile_name=no profile_description=no super_gallery=yes columns=3 force_columns=no space_between_photos=1px icon_size=65px hide_date_likes_comments=no][fts_youtube vid_count=4 large_vid=yes large_vid_title=no large_vid_description=no thumbs_play_in_iframe=yes vids_in_row=4 omit_first_thumbnail=no space_between_videos=1px force_columns=no maxres_thumbnail_images=yes thumbs_wrap_color= channel_id=UCnqpQpKtYZIxd9Bmzrcgj5w]<div class=\"fusion-clearfix\"><\/div><\/div><\/div><\/div><\/div><div class=\"fusion-bg-parallax\" data-bg-align=\"center top\" data-direction=\"up\" data-mute=\"false\" data-opacity=\"100\" data-velocity=\"-0.3\" data-mobile-enabled=\"false\" data-break_parents=\"0\" data-bg-image=\"https:\/\/cpanoain.com\/wp-content\/uploads\/2018\/08\/cpabanner.jpg\" data-bg-repeat=\"false\" ><\/div><div class=\"fusion-fullwidth fullwidth-box fusion-builder-row-2 fusion-parallax-up hundred-percent-fullwidth non-hundred-percent-height-scrolling\" style=\"--awb-background-position:center top;--awb-border-sizes-top:0px;--awb-border-sizes-bottom:0px;--awb-border-sizes-left:0px;--awb-border-sizes-right:0px;--awb-border-radius-top-left:0px;--awb-border-radius-top-right:0px;--awb-border-radius-bottom-right:0px;--awb-border-radius-bottom-left:0px;--awb-margin-bottom:0px;--awb-background-image:url(&quot;https:\/\/cpanoain.com\/wp-content\/uploads\/2018\/08\/cpabanner.jpg&quot;);--awb-background-size:cover;--awb-flex-wrap:wrap;\" ><div class=\"fusion-builder-row fusion-row\"><div class=\"fusion-layout-column fusion_builder_column fusion-builder-column-3 fusion_builder_column_1_1 1_1 fusion-one-full fusion-column-first fusion-column-last fusion-column-no-min-height fusion-animated\" style=\"--awb-padding-top:65px;--awb-padding-bottom:65px;--awb-bg-size:cover;--awb-margin-bottom:0px;\" data-animationType=\"slideInUp\" data-animationDuration=\"1.0\" data-animationOffset=\"top-into-view\"><div class=\"fusion-column-wrapper fusion-flex-column-wrapper-legacy\"><div class=\"fusion-reading-box-container reading-box-container-1 fusion-animated\" style=\"--awb-title-color:#333333;--awb-margin-top:0px;--awb-margin-bottom:84px;\" data-animationType=\"fadeInUp\" data-animationDuration=\"1\" data-animationOffset=\"top-into-view\"><div class=\"reading-box reading-box-center\" style=\"background-color:rgba(255,255,255,0.83);border-width:1px;border-color:rgba(255,255,255,0.4);border-top-width:3px;border-top-color:var(--primary_color);border-style:solid;\"><h2>Conoce a nuestros patinadores y patinadoras<\/h2><div class=\"reading-box-description fusion-reading-box-additional\"><strong>Todos los grupos de patinadores y patinadoras en nuestra disciplina de individual<\/strong><\/div><div class=\"fusion-clearfix\"><\/div><a class=\"button fusion-button button-default fusion-button-large button-large button-flat fusion-mobile-button continue-center\" style=\"-webkit-box-shadow:none;-moz-box-shadow:none;box-shadow:none;border-radius:2px 2px 2px 2px\" href=\"https:\/\/cpanoain.com\/index.php\/individual\/\" target=\"_self\"><span>Ver individual<\/span><\/a><\/div><\/div><div class=\"fusion-clearfix\"><\/div><\/div><\/div><\/div><\/div><\/p>\n","protected":false},"excerpt":{"rendered":"","protected":false},"author":1,"featured_media":0,"parent":0,"menu_order":84,"comment_status":"open","ping_status":"closed","template":"100-width.php","meta":{"footnotes":""},"class_list":["post-3697","page","type-page","status-publish","hentry"],"yoast_head":"<!-- This site is optimized with the Yoast SEO plugin v25.6 - https:\/\/yoast.com\/wordpress\/plugins\/seo\/ -->\n<title>Noticias - C.P.A NO\u00c1IN<\/title>\n<meta name=\"robots\" content=\"index, follow, max-snippet:-1, max-image-preview:large, max-video-preview:-1\" \/>\n<link rel=\"canonical\" href=\"https:\/\/cpanoain.com\/index.php\/noticias\/\" \/>\n<meta property=\"og:locale\" content=\"es_ES\" \/>\n<meta property=\"og:type\" content=\"article\" \/>\n<meta property=\"og:title\" content=\"Noticias - C.P.A NO\u00c1IN\" \/>\n<meta property=\"og:url\" content=\"https:\/\/cpanoain.com\/index.php\/noticias\/\" \/>\n<meta property=\"og:site_name\" content=\"C.P.A NO\u00c1IN\" \/>\n<meta property=\"article:modified_time\" content=\"2026-01-03T16:24:17+00:00\" \/>\n<meta name=\"twitter:card\" content=\"summary_large_image\" \/>\n<meta name=\"twitter:label1\" content=\"Tiempo de lectura\" \/>\n\t<meta name=\"twitter:data1\" content=\"1 minuto\" \/>\n<script type=\"application\/ld+json\" class=\"yoast-schema-graph\">{\"@context\":\"https:\/\/schema.org\",\"@graph\":[{\"@type\":\"WebPage\",\"@id\":\"https:\/\/cpanoain.com\/index.php\/noticias\/\",\"url\":\"https:\/\/cpanoain.com\/index.php\/noticias\/\",\"name\":\"Noticias - C.P.A NO\u00c1IN\",\"isPartOf\":{\"@id\":\"https:\/\/cpanoain.com\/#website\"},\"datePublished\":\"2013-05-24T20:06:34+00:00\",\"dateModified\":\"2026-01-03T16:24:17+00:00\",\"breadcrumb\":{\"@id\":\"https:\/\/cpanoain.com\/index.php\/noticias\/#breadcrumb\"},\"inLanguage\":\"es\",\"potentialAction\":[{\"@type\":\"ReadAction\",\"target\":[\"https:\/\/cpanoain.com\/index.php\/noticias\/\"]}]},{\"@type\":\"BreadcrumbList\",\"@id\":\"https:\/\/cpanoain.com\/index.php\/noticias\/#breadcrumb\",\"itemListElement\":[{\"@type\":\"ListItem\",\"position\":1,\"name\":\"Portada\",\"item\":\"https:\/\/cpanoain.com\/\"},{\"@type\":\"ListItem\",\"position\":2,\"name\":\"Noticias\"}]},{\"@type\":\"WebSite\",\"@id\":\"https:\/\/cpanoain.com\/#website\",\"url\":\"https:\/\/cpanoain.com\/\",\"name\":\"C.P.A NO\u00c1IN\",\"description\":\"Club de Patinaje Art\u00edstico | No\u00e1in | Una gran familia sobre ruedas\",\"potentialAction\":[{\"@type\":\"SearchAction\",\"target\":{\"@type\":\"EntryPoint\",\"urlTemplate\":\"https:\/\/cpanoain.com\/?s={search_term_string}\"},\"query-input\":{\"@type\":\"PropertyValueSpecification\",\"valueRequired\":true,\"valueName\":\"search_term_string\"}}],\"inLanguage\":\"es\"}]}<\/script>\n<!-- \/ Yoast SEO plugin. -->","yoast_head_json":{"title":"Noticias - C.P.A NO\u00c1IN","robots":{"index":"index","follow":"follow","max-snippet":"max-snippet:-1","max-image-preview":"max-image-preview:large","max-video-preview":"max-video-preview:-1"},"canonical":"https:\/\/cpanoain.com\/index.php\/noticias\/","og_locale":"es_ES","og_type":"article","og_title":"Noticias - C.P.A NO\u00c1IN","og_url":"https:\/\/cpanoain.com\/index.php\/noticias\/","og_site_name":"C.P.A NO\u00c1IN","article_modified_time":"2026-01-03T16:24:17+00:00","twitter_card":"summary_large_image","twitter_misc":{"Tiempo de lectura":"1 minuto"},"schema":{"@context":"https:\/\/schema.org","@graph":[{"@type":"WebPage","@id":"https:\/\/cpanoain.com\/index.php\/noticias\/","url":"https:\/\/cpanoain.com\/index.php\/noticias\/","name":"Noticias - C.P.A NO\u00c1IN","isPartOf":{"@id":"https:\/\/cpanoain.com\/#website"},"datePublished":"2013-05-24T20:06:34+00:00","dateModified":"2026-01-03T16:24:17+00:00","breadcrumb":{"@id":"https:\/\/cpanoain.com\/index.php\/noticias\/#breadcrumb"},"inLanguage":"es","potentialAction":[{"@type":"ReadAction","target":["https:\/\/cpanoain.com\/index.php\/noticias\/"]}]},{"@type":"BreadcrumbList","@id":"https:\/\/cpanoain.com\/index.php\/noticias\/#breadcrumb","itemListElement":[{"@type":"ListItem","position":1,"name":"Portada","item":"https:\/\/cpanoain.com\/"},{"@type":"ListItem","position":2,"name":"Noticias"}]},{"@type":"WebSite","@id":"https:\/\/cpanoain.com\/#website","url":"https:\/\/cpanoain.com\/","name":"C.P.A NO\u00c1IN","description":"Club de Patinaje Art\u00edstico | No\u00e1in | Una gran familia sobre ruedas","potentialAction":[{"@type":"SearchAction","target":{"@type":"EntryPoint","urlTemplate":"https:\/\/cpanoain.com\/?s={search_term_string}"},"query-input":{"@type":"PropertyValueSpecification","valueRequired":true,"valueName":"search_term_string"}}],"inLanguage":"es"}]}},"_links":{"self":[{"href":"https:\/\/cpanoain.com\/index.php\/wp-json\/wp\/v2\/pages\/3697","targetHints":{"allow":["GET"]}}],"collection":[{"href":"https:\/\/cpanoain.com\/index.php\/wp-json\/wp\/v2\/pages"}],"about":[{"href":"https:\/\/cpanoain.com\/index.php\/wp-json\/wp\/v2\/types\/page"}],"author":[{"embeddable":true,"href":"https:\/\/cpanoain.com\/index.php\/wp-json\/wp\/v2\/users\/1"}],"replies":[{"embeddable":true,"href":"https:\/\/cpanoain.com\/index.php\/wp-json\/wp\/v2\/comments?post=3697"}],"version-history":[{"count":32,"href":"https:\/\/cpanoain.com\/index.php\/wp-json\/wp\/v2\/pages\/3697\/revisions"}],"predecessor-version":[{"id":14024,"href":"https:\/\/cpanoain.com\/index.php\/wp-json\/wp\/v2\/pages\/3697\/revisions\/14024"}],"wp:attachment":[{"href":"https:\/\/cpanoain.com\/index.php\/wp-json\/wp\/v2\/media?parent=3697"}],"curies":[{"name":"wp","href":"https:\/\/api.w.org\/{rel}","templated":true}]}}