{"id":86,"date":"2012-07-31T02:17:58","date_gmt":"2012-07-31T02:17:58","guid":{"rendered":"https:\/\/avada.theme-fusion.com\/?page_id=86"},"modified":"2018-09-10T21:37:14","modified_gmt":"2018-09-10T21:37:14","slug":"contacto","status":"publish","type":"page","link":"https:\/\/cpanoain.com\/index.php\/contacto\/","title":{"rendered":"Contacto"},"content":{"rendered":"<div class=\"fusion-fullwidth fullwidth-box fusion-builder-row-1 nonhundred-percent-fullwidth non-hundred-percent-height-scrolling\" style=\"--awb-border-radius-top-left:0px;--awb-border-radius-top-right:0px;--awb-border-radius-bottom-right:0px;--awb-border-radius-bottom-left:0px;--awb-flex-wrap:wrap;\" ><div class=\"fusion-builder-row fusion-row\"><div class=\"fusion-layout-column fusion_builder_column fusion-builder-column-0 fusion_builder_column_1_1 1_1 fusion-one-full fusion-column-first fusion-column-last fusion-animated\" style=\"--awb-bg-size:cover;\" data-animationType=\"slideInUp\" data-animationDuration=\"0.4\" data-animationOffset=\"top-into-view\"><div class=\"fusion-column-wrapper fusion-flex-column-wrapper-legacy\"><div class=\"fusion-text fusion-text-1\"><h1 style=\"text-align: center; font-size: 30px !important;\"><strong><span style=\"color: #3e4e82;\">Si quieres patinar ac\u00e9rcate al C.P.A No\u00e1in\u00a0<\/span><\/strong>y vive con nosotros la pasi\u00f3n por el patinaje.<\/h1>\n<\/div><div class=\"fusion-sep-clear\"><\/div><div class=\"fusion-separator fusion-full-width-sep\" style=\"margin-left: auto;margin-right: auto;margin-top:10px;margin-bottom:10px;width:100%;\"><\/div><div class=\"fusion-sep-clear\"><\/div><div class=\"fusion-text fusion-text-2\"><p style=\"text-align: center;\"><span style=\"font-weight: 400;\">Si tienes quieres apuntarte a las actividades o apuntar a tus hijos o hijas, tienes dudas, quieres ampliar informaci\u00f3n o quieres colaborar con el club no dudes en ponerte en contacto con nosotros.<strong> Estaremos encantados de atenderte.<\/strong><\/span><\/p>\n<\/div><div class=\"fusion-sep-clear\"><\/div><div class=\"fusion-separator fusion-full-width-sep\" style=\"margin-left: auto;margin-right: auto;margin-top:10px;margin-bottom:10px;width:100%;\"><div class=\"fusion-separator-border sep-double\" style=\"--awb-height:20px;--awb-amount:20px;border-color:#e0dede;border-top-width:1px;border-bottom-width:1px;\"><\/div><\/div><div class=\"fusion-sep-clear\"><\/div><div class=\"fusion-clearfix\"><\/div><\/div><\/div><\/div><\/div>\n","protected":false},"excerpt":{"rendered":"","protected":false},"author":1,"featured_media":0,"parent":0,"menu_order":125,"comment_status":"open","ping_status":"closed","template":"","meta":{"footnotes":""},"class_list":["post-86","page","type-page","status-publish","hentry"],"yoast_head":"<!-- This site is optimized with the Yoast SEO plugin v25.6 - https:\/\/yoast.com\/wordpress\/plugins\/seo\/ -->\n<title>Contacto - C.P.A NO\u00c1IN<\/title>\n<meta name=\"robots\" content=\"index, follow, max-snippet:-1, max-image-preview:large, max-video-preview:-1\" \/>\n<link rel=\"canonical\" href=\"https:\/\/cpanoain.com\/index.php\/contacto\/\" \/>\n<meta property=\"og:locale\" content=\"es_ES\" \/>\n<meta property=\"og:type\" content=\"article\" \/>\n<meta property=\"og:title\" content=\"Contacto - C.P.A NO\u00c1IN\" \/>\n<meta property=\"og:url\" content=\"https:\/\/cpanoain.com\/index.php\/contacto\/\" \/>\n<meta property=\"og:site_name\" content=\"C.P.A NO\u00c1IN\" \/>\n<meta property=\"article:modified_time\" content=\"2018-09-10T21:37:14+00:00\" \/>\n<meta name=\"twitter:card\" content=\"summary_large_image\" \/>\n<meta name=\"twitter:label1\" content=\"Tiempo de lectura\" \/>\n\t<meta name=\"twitter:data1\" content=\"2 minutos\" \/>\n<script type=\"application\/ld+json\" class=\"yoast-schema-graph\">{\"@context\":\"https:\/\/schema.org\",\"@graph\":[{\"@type\":\"WebPage\",\"@id\":\"https:\/\/cpanoain.com\/index.php\/contacto\/\",\"url\":\"https:\/\/cpanoain.com\/index.php\/contacto\/\",\"name\":\"Contacto - C.P.A NO\u00c1IN\",\"isPartOf\":{\"@id\":\"https:\/\/cpanoain.com\/#website\"},\"datePublished\":\"2012-07-31T02:17:58+00:00\",\"dateModified\":\"2018-09-10T21:37:14+00:00\",\"breadcrumb\":{\"@id\":\"https:\/\/cpanoain.com\/index.php\/contacto\/#breadcrumb\"},\"inLanguage\":\"es\",\"potentialAction\":[{\"@type\":\"ReadAction\",\"target\":[\"https:\/\/cpanoain.com\/index.php\/contacto\/\"]}]},{\"@type\":\"BreadcrumbList\",\"@id\":\"https:\/\/cpanoain.com\/index.php\/contacto\/#breadcrumb\",\"itemListElement\":[{\"@type\":\"ListItem\",\"position\":1,\"name\":\"Portada\",\"item\":\"https:\/\/cpanoain.com\/\"},{\"@type\":\"ListItem\",\"position\":2,\"name\":\"Contacto\"}]},{\"@type\":\"WebSite\",\"@id\":\"https:\/\/cpanoain.com\/#website\",\"url\":\"https:\/\/cpanoain.com\/\",\"name\":\"C.P.A NO\u00c1IN\",\"description\":\"Club de Patinaje Art\u00edstico | No\u00e1in | Una gran familia sobre ruedas\",\"potentialAction\":[{\"@type\":\"SearchAction\",\"target\":{\"@type\":\"EntryPoint\",\"urlTemplate\":\"https:\/\/cpanoain.com\/?s={search_term_string}\"},\"query-input\":{\"@type\":\"PropertyValueSpecification\",\"valueRequired\":true,\"valueName\":\"search_term_string\"}}],\"inLanguage\":\"es\"}]}<\/script>\n<!-- \/ Yoast SEO plugin. -->","yoast_head_json":{"title":"Contacto - C.P.A NO\u00c1IN","robots":{"index":"index","follow":"follow","max-snippet":"max-snippet:-1","max-image-preview":"max-image-preview:large","max-video-preview":"max-video-preview:-1"},"canonical":"https:\/\/cpanoain.com\/index.php\/contacto\/","og_locale":"es_ES","og_type":"article","og_title":"Contacto - C.P.A NO\u00c1IN","og_url":"https:\/\/cpanoain.com\/index.php\/contacto\/","og_site_name":"C.P.A NO\u00c1IN","article_modified_time":"2018-09-10T21:37:14+00:00","twitter_card":"summary_large_image","twitter_misc":{"Tiempo de lectura":"2 minutos"},"schema":{"@context":"https:\/\/schema.org","@graph":[{"@type":"WebPage","@id":"https:\/\/cpanoain.com\/index.php\/contacto\/","url":"https:\/\/cpanoain.com\/index.php\/contacto\/","name":"Contacto - C.P.A NO\u00c1IN","isPartOf":{"@id":"https:\/\/cpanoain.com\/#website"},"datePublished":"2012-07-31T02:17:58+00:00","dateModified":"2018-09-10T21:37:14+00:00","breadcrumb":{"@id":"https:\/\/cpanoain.com\/index.php\/contacto\/#breadcrumb"},"inLanguage":"es","potentialAction":[{"@type":"ReadAction","target":["https:\/\/cpanoain.com\/index.php\/contacto\/"]}]},{"@type":"BreadcrumbList","@id":"https:\/\/cpanoain.com\/index.php\/contacto\/#breadcrumb","itemListElement":[{"@type":"ListItem","position":1,"name":"Portada","item":"https:\/\/cpanoain.com\/"},{"@type":"ListItem","position":2,"name":"Contacto"}]},{"@type":"WebSite","@id":"https:\/\/cpanoain.com\/#website","url":"https:\/\/cpanoain.com\/","name":"C.P.A NO\u00c1IN","description":"Club de Patinaje Art\u00edstico | No\u00e1in | Una gran familia sobre ruedas","potentialAction":[{"@type":"SearchAction","target":{"@type":"EntryPoint","urlTemplate":"https:\/\/cpanoain.com\/?s={search_term_string}"},"query-input":{"@type":"PropertyValueSpecification","valueRequired":true,"valueName":"search_term_string"}}],"inLanguage":"es"}]}},"_links":{"self":[{"href":"https:\/\/cpanoain.com\/index.php\/wp-json\/wp\/v2\/pages\/86","targetHints":{"allow":["GET"]}}],"collection":[{"href":"https:\/\/cpanoain.com\/index.php\/wp-json\/wp\/v2\/pages"}],"about":[{"href":"https:\/\/cpanoain.com\/index.php\/wp-json\/wp\/v2\/types\/page"}],"author":[{"embeddable":true,"href":"https:\/\/cpanoain.com\/index.php\/wp-json\/wp\/v2\/users\/1"}],"replies":[{"embeddable":true,"href":"https:\/\/cpanoain.com\/index.php\/wp-json\/wp\/v2\/comments?post=86"}],"version-history":[{"count":6,"href":"https:\/\/cpanoain.com\/index.php\/wp-json\/wp\/v2\/pages\/86\/revisions"}],"predecessor-version":[{"id":12154,"href":"https:\/\/cpanoain.com\/index.php\/wp-json\/wp\/v2\/pages\/86\/revisions\/12154"}],"wp:attachment":[{"href":"https:\/\/cpanoain.com\/index.php\/wp-json\/wp\/v2\/media?parent=86"}],"curies":[{"name":"wp","href":"https:\/\/api.w.org\/{rel}","templated":true}]}}